{"id":14,"date":"2024-09-17T18:31:02","date_gmt":"2024-09-17T18:31:02","guid":{"rendered":"https:\/\/romdahl.com\/onecheck\/?page_id=14"},"modified":"2024-09-17T18:31:02","modified_gmt":"2024-09-17T18:31:02","slug":"om-oss","status":"publish","type":"page","link":"https:\/\/romdahl.com\/onecheck\/om-oss\/","title":{"rendered":"Om oss"},"content":{"rendered":"\n<p>\u25e6 <strong>Om OneCheck<\/strong>: En presentasjon av selskapet, v\u00e5r ekspertise innen v\u00e5tromskontroll, og v\u00e5rt team av sertifiserte og erfarne takstmenn.<\/p>\n\n\n\n<p>\u25e6 <strong>V\u00e5re verdier<\/strong>: Fokuser p\u00e5 profesjonalitet, uavhengighet, og kvalitet i alle ledd av prosessen.<\/p>\n\n\n\n<p>\u25e6 <strong>V\u00e5rt m\u00e5l<\/strong>: \u00c5 sikre at alle baderom oppfyller de strengeste kravene til sikkerhet og kvalitet, slik at v\u00e5re kunder kan ha trygghet i sine hjem.<\/p>\n","protected":false},"excerpt":{"rendered":"<p>\u25e6 Om OneCheck: En presentasjon av selskapet, v\u00e5r ekspertise innen v\u00e5tromskontroll, og v\u00e5rt team av sertifiserte og erfarne takstmenn. \u25e6 V\u00e5re verdier: Fokuser p\u00e5 profesjonalitet, uavhengighet, og kvalitet i alle ledd av prosessen. \u25e6 V\u00e5rt m\u00e5l: \u00c5 sikre at alle baderom oppfyller de strengeste kravene til sikkerhet og kvalitet, slik at v\u00e5re kunder kan ha [&hellip;]<\/p>\n","protected":false},"author":1,"featured_media":0,"parent":0,"menu_order":0,"comment_status":"closed","ping_status":"closed","template":"","meta":{"footnotes":""},"class_list":["post-14","page","type-page","status-publish","hentry"],"_links":{"self":[{"href":"https:\/\/romdahl.com\/onecheck\/wp-json\/wp\/v2\/pages\/14","targetHints":{"allow":["GET"]}}],"collection":[{"href":"https:\/\/romdahl.com\/onecheck\/wp-json\/wp\/v2\/pages"}],"about":[{"href":"https:\/\/romdahl.com\/onecheck\/wp-json\/wp\/v2\/types\/page"}],"author":[{"embeddable":true,"href":"https:\/\/romdahl.com\/onecheck\/wp-json\/wp\/v2\/users\/1"}],"replies":[{"embeddable":true,"href":"https:\/\/romdahl.com\/onecheck\/wp-json\/wp\/v2\/comments?post=14"}],"version-history":[{"count":1,"href":"https:\/\/romdahl.com\/onecheck\/wp-json\/wp\/v2\/pages\/14\/revisions"}],"predecessor-version":[{"id":15,"href":"https:\/\/romdahl.com\/onecheck\/wp-json\/wp\/v2\/pages\/14\/revisions\/15"}],"wp:attachment":[{"href":"https:\/\/romdahl.com\/onecheck\/wp-json\/wp\/v2\/media?parent=14"}],"curies":[{"name":"wp","href":"https:\/\/api.w.org\/{rel}","templated":true}]}}