{"id":21,"date":"2024-09-17T18:50:49","date_gmt":"2024-09-17T18:50:49","guid":{"rendered":"https:\/\/romdahl.com\/onecheck\/?page_id=21"},"modified":"2024-09-17T18:50:49","modified_gmt":"2024-09-17T18:50:49","slug":"kontakt-oss","status":"publish","type":"page","link":"https:\/\/romdahl.com\/onecheck\/kontakt-oss\/","title":{"rendered":"Kontakt oss"},"content":{"rendered":"\n<p><strong>Kontaktinformasjon:<\/strong> Telefon, e-post, og et kontaktskjema for rask foresp\u00f8rsel.<br><strong>Kontakttidspunkt:<\/strong> Oversikt over tilgjengelige kontortider.<br><strong>Lokasjon:<\/strong> Adresse hvis det er relevant for fysisk bes\u00f8k.<br><strong>Live chat-funksjon: <\/strong>Eventuelt et vindu for rask dialog med kundeservice direkte p\u00e5 nettsiden.<\/p>\n","protected":false},"excerpt":{"rendered":"<p>Kontaktinformasjon: Telefon, e-post, og et kontaktskjema for rask foresp\u00f8rsel.Kontakttidspunkt: Oversikt over tilgjengelige kontortider.Lokasjon: Adresse hvis det er relevant for fysisk bes\u00f8k.Live chat-funksjon: Eventuelt et vindu for rask dialog med kundeservice direkte p\u00e5 nettsiden.<\/p>\n","protected":false},"author":1,"featured_media":0,"parent":0,"menu_order":0,"comment_status":"closed","ping_status":"closed","template":"","meta":{"footnotes":""},"class_list":["post-21","page","type-page","status-publish","hentry"],"_links":{"self":[{"href":"https:\/\/romdahl.com\/onecheck\/wp-json\/wp\/v2\/pages\/21","targetHints":{"allow":["GET"]}}],"collection":[{"href":"https:\/\/romdahl.com\/onecheck\/wp-json\/wp\/v2\/pages"}],"about":[{"href":"https:\/\/romdahl.com\/onecheck\/wp-json\/wp\/v2\/types\/page"}],"author":[{"embeddable":true,"href":"https:\/\/romdahl.com\/onecheck\/wp-json\/wp\/v2\/users\/1"}],"replies":[{"embeddable":true,"href":"https:\/\/romdahl.com\/onecheck\/wp-json\/wp\/v2\/comments?post=21"}],"version-history":[{"count":1,"href":"https:\/\/romdahl.com\/onecheck\/wp-json\/wp\/v2\/pages\/21\/revisions"}],"predecessor-version":[{"id":22,"href":"https:\/\/romdahl.com\/onecheck\/wp-json\/wp\/v2\/pages\/21\/revisions\/22"}],"wp:attachment":[{"href":"https:\/\/romdahl.com\/onecheck\/wp-json\/wp\/v2\/media?parent=21"}],"curies":[{"name":"wp","href":"https:\/\/api.w.org\/{rel}","templated":true}]}}